{"id":2,"date":"2026-02-08T16:57:03","date_gmt":"2026-02-08T15:57:03","guid":{"rendered":"https:\/\/storning.overklagandenamnden.se\/?page_id=2"},"modified":"2026-03-30T13:08:28","modified_gmt":"2026-03-30T11:08:28","slug":"exempelsida","status":"publish","type":"page","link":"https:\/\/storning.overklagandenamnden.se\/","title":{"rendered":"Skolinspektionen &#038; Beo"},"content":{"rendered":"\n\n\n\n\n\n\n\n\n\n\n\n\n\n\n\n\n\n\n\n\n\n\n\n\n\n\n\n\n\n\n\n\n\n\n\n\n\n\n\n\n\n","protected":false},"excerpt":{"rendered":"","protected":false},"author":1,"featured_media":0,"parent":0,"menu_order":0,"comment_status":"closed","ping_status":"open","template":"","meta":{"footnotes":""},"class_list":["post-2","page","type-page","status-publish","hentry"],"yoast_head":"<!-- This site is optimized with the Yoast SEO plugin v27.5 - https:\/\/yoast.com\/product\/yoast-seo-wordpress\/ -->\n<title>Skolinspektionen &amp; Beo - St\u00f6rning p\u00e5 \u00d6verklaganden\u00e4mnden<\/title>\n<meta name=\"robots\" content=\"noindex, follow, max-snippet:-1, max-image-preview:large, max-video-preview:-1\" \/>\n<meta property=\"og:locale\" content=\"sv_SE\" \/>\n<meta property=\"og:type\" content=\"article\" \/>\n<meta property=\"og:title\" content=\"Skolinspektionen &amp; Beo - St\u00f6rning p\u00e5 \u00d6verklaganden\u00e4mnden\" \/>\n<meta property=\"og:url\" content=\"https:\/\/storning.overklagandenamnden.se\/\" \/>\n<meta property=\"og:site_name\" content=\"St\u00f6rning p\u00e5 \u00d6verklaganden\u00e4mnden\" \/>\n<meta property=\"article:modified_time\" content=\"2026-03-30T11:08:28+00:00\" \/>\n<meta name=\"twitter:card\" content=\"summary_large_image\" \/>\n<script type=\"application\/ld+json\" class=\"yoast-schema-graph\">{\"@context\":\"https:\\\/\\\/schema.org\",\"@graph\":[{\"@type\":\"WebPage\",\"@id\":\"https:\\\/\\\/storning.overklagandenamnden.se\\\/\",\"url\":\"https:\\\/\\\/storning.overklagandenamnden.se\\\/\",\"name\":\"Skolinspektionen & Beo - St\u00f6rning p\u00e5 \u00d6verklaganden\u00e4mnden\",\"isPartOf\":{\"@id\":\"https:\\\/\\\/storning.overklagandenamnden.se\\\/#website\"},\"datePublished\":\"2026-02-08T15:57:03+00:00\",\"dateModified\":\"2026-03-30T11:08:28+00:00\",\"breadcrumb\":{\"@id\":\"https:\\\/\\\/storning.overklagandenamnden.se\\\/#breadcrumb\"},\"inLanguage\":\"sv-SE\",\"potentialAction\":[{\"@type\":\"ReadAction\",\"target\":[\"https:\\\/\\\/storning.overklagandenamnden.se\\\/\"]}]},{\"@type\":\"BreadcrumbList\",\"@id\":\"https:\\\/\\\/storning.overklagandenamnden.se\\\/#breadcrumb\",\"itemListElement\":[{\"@type\":\"ListItem\",\"position\":1,\"name\":\"Hem\",\"item\":\"https:\\\/\\\/storning.overklagandenamnden.se\\\/\"},{\"@type\":\"ListItem\",\"position\":2,\"name\":\"Skolinspektionen &#038; Beo\"}]},{\"@type\":\"WebSite\",\"@id\":\"https:\\\/\\\/storning.overklagandenamnden.se\\\/#website\",\"url\":\"https:\\\/\\\/storning.overklagandenamnden.se\\\/\",\"name\":\"St\u00f6rning p\u00e5 \u00d6verklaganden\u00e4mnden\",\"description\":\"\",\"potentialAction\":[{\"@type\":\"SearchAction\",\"target\":{\"@type\":\"EntryPoint\",\"urlTemplate\":\"https:\\\/\\\/storning.overklagandenamnden.se\\\/?s={search_term_string}\"},\"query-input\":{\"@type\":\"PropertyValueSpecification\",\"valueRequired\":true,\"valueName\":\"search_term_string\"}}],\"inLanguage\":\"sv-SE\"}]}<\/script>\n<!-- \/ Yoast SEO plugin. -->","yoast_head_json":{"title":"Skolinspektionen & Beo - St\u00f6rning p\u00e5 \u00d6verklaganden\u00e4mnden","robots":{"index":"noindex","follow":"follow","max-snippet":"max-snippet:-1","max-image-preview":"max-image-preview:large","max-video-preview":"max-video-preview:-1"},"og_locale":"sv_SE","og_type":"article","og_title":"Skolinspektionen & Beo - St\u00f6rning p\u00e5 \u00d6verklaganden\u00e4mnden","og_url":"https:\/\/storning.overklagandenamnden.se\/","og_site_name":"St\u00f6rning p\u00e5 \u00d6verklaganden\u00e4mnden","article_modified_time":"2026-03-30T11:08:28+00:00","twitter_card":"summary_large_image","schema":{"@context":"https:\/\/schema.org","@graph":[{"@type":"WebPage","@id":"https:\/\/storning.overklagandenamnden.se\/","url":"https:\/\/storning.overklagandenamnden.se\/","name":"Skolinspektionen & Beo - St\u00f6rning p\u00e5 \u00d6verklaganden\u00e4mnden","isPartOf":{"@id":"https:\/\/storning.overklagandenamnden.se\/#website"},"datePublished":"2026-02-08T15:57:03+00:00","dateModified":"2026-03-30T11:08:28+00:00","breadcrumb":{"@id":"https:\/\/storning.overklagandenamnden.se\/#breadcrumb"},"inLanguage":"sv-SE","potentialAction":[{"@type":"ReadAction","target":["https:\/\/storning.overklagandenamnden.se\/"]}]},{"@type":"BreadcrumbList","@id":"https:\/\/storning.overklagandenamnden.se\/#breadcrumb","itemListElement":[{"@type":"ListItem","position":1,"name":"Hem","item":"https:\/\/storning.overklagandenamnden.se\/"},{"@type":"ListItem","position":2,"name":"Skolinspektionen &#038; Beo"}]},{"@type":"WebSite","@id":"https:\/\/storning.overklagandenamnden.se\/#website","url":"https:\/\/storning.overklagandenamnden.se\/","name":"St\u00f6rning p\u00e5 \u00d6verklaganden\u00e4mnden","description":"","potentialAction":[{"@type":"SearchAction","target":{"@type":"EntryPoint","urlTemplate":"https:\/\/storning.overklagandenamnden.se\/?s={search_term_string}"},"query-input":{"@type":"PropertyValueSpecification","valueRequired":true,"valueName":"search_term_string"}}],"inLanguage":"sv-SE"}]}},"_links":{"self":[{"href":"https:\/\/storning.overklagandenamnden.se\/index.php?rest_route=\/wp\/v2\/pages\/2","targetHints":{"allow":["GET"]}}],"collection":[{"href":"https:\/\/storning.overklagandenamnden.se\/index.php?rest_route=\/wp\/v2\/pages"}],"about":[{"href":"https:\/\/storning.overklagandenamnden.se\/index.php?rest_route=\/wp\/v2\/types\/page"}],"author":[{"embeddable":true,"href":"https:\/\/storning.overklagandenamnden.se\/index.php?rest_route=\/wp\/v2\/users\/1"}],"replies":[{"embeddable":true,"href":"https:\/\/storning.overklagandenamnden.se\/index.php?rest_route=%2Fwp%2Fv2%2Fcomments&post=2"}],"version-history":[{"count":52,"href":"https:\/\/storning.overklagandenamnden.se\/index.php?rest_route=\/wp\/v2\/pages\/2\/revisions"}],"predecessor-version":[{"id":212,"href":"https:\/\/storning.overklagandenamnden.se\/index.php?rest_route=\/wp\/v2\/pages\/2\/revisions\/212"}],"wp:attachment":[{"href":"https:\/\/storning.overklagandenamnden.se\/index.php?rest_route=%2Fwp%2Fv2%2Fmedia&parent=2"}],"curies":[{"name":"wp","href":"https:\/\/api.w.org\/{rel}","templated":true}]}}